{"id":123,"date":"2021-03-22T20:35:43","date_gmt":"2021-03-22T17:35:43","guid":{"rendered":"http:\/\/localhost\/?page_id=123"},"modified":"2021-06-14T13:06:25","modified_gmt":"2021-06-14T10:06:25","slug":"hakkimizda","status":"publish","type":"page","link":"https:\/\/turkiyedeebeveynlik.sabanciuniv.edu\/","title":{"rendered":"Hakk\u0131m\u0131zda"},"content":{"rendered":"\n<div class=\"wp-block-image\"><figure class=\"aligncenter size-large\"><img loading=\"lazy\" width=\"1024\" height=\"493\" src=\"http:\/\/turkiyedeebeveynlik.sabanciuniv.edu\/wp-content\/uploads\/2021\/04\/Ana-Sayfa-3-v2-1024x493.png\" alt=\"\" class=\"wp-image-541\" srcset=\"https:\/\/turkiyedeebeveynlik.sabanciuniv.edu\/wp-content\/uploads\/2021\/04\/Ana-Sayfa-3-v2-1024x493.png 1024w, https:\/\/turkiyedeebeveynlik.sabanciuniv.edu\/wp-content\/uploads\/2021\/04\/Ana-Sayfa-3-v2-300x144.png 300w, https:\/\/turkiyedeebeveynlik.sabanciuniv.edu\/wp-content\/uploads\/2021\/04\/Ana-Sayfa-3-v2-768x370.png 768w, https:\/\/turkiyedeebeveynlik.sabanciuniv.edu\/wp-content\/uploads\/2021\/04\/Ana-Sayfa-3-v2.png 1350w\" sizes=\"(max-width: 1024px) 100vw, 1024px\" \/><\/figure><\/div>\n\n\n\n<h2 class=\"has-text-align-center\">T\u00fcrkiye&#8217;de Ebeveynlik<\/h2>\n\n\n\n<h3 class=\"has-text-align-center\">T\u00dcB\u0130TAK 1003 Ara\u015ft\u0131rma Projesi<\/h3>\n\n\n\n<div class=\"wp-block-columns alignwide are-vertically-aligned-top\">\n<div class=\"wp-block-column is-vertically-aligned-top\"><\/div>\n\n\n\n<div class=\"wp-block-column is-vertically-aligned-top\"><\/div>\n<\/div>\n\n\n\n<p class=\"has-normal-font-size\">T\u00dcB\u0130TAK ARDEB 1003 \u00d6ncelikli Alanlar Destekleme Program\u0131 taraf\u0131ndan 1003-SBB-AILE-2017-2 \u00e7a\u011fr\u0131s\u0131 kapsam\u0131nda destek alan T\u00fcrkiye\u2019de Ebeveynlik Ara\u015ft\u0131rma Projesi\u2019nin temel amac\u0131, T\u00fcrkiye\u2019de k\u00fclt\u00fcrel a\u00e7\u0131dan yayg\u0131n olan \u00e7ocuk yeti\u015ftirme tutum, davran\u0131\u015f ve uygulamalar\u0131n\u0131 nitel ve nicel y\u00f6ntemlerle ara\u015ft\u0131rmakt\u0131r.<\/p>\n\n\n\n<p class=\"has-normal-font-size\">Ebeveynlerin \u00e7ocuklar\u0131na, en az\u0131ndan hayatta kalacak olgunlu\u011fa eri\u015finceye kadar bak\u0131m vermesi, korumas\u0131 ve b\u00fcy\u00fctmesi evrensel bir normdur. Ancak \u00e7ocuklar\u0131n gelecekte sahip olaca\u011f\u0131 \u00f6zellikler ve i\u00e7inde bulunaca\u011f\u0131 davran\u0131\u015flar konusunda normlar, beklentiler, tutumlar ve davran\u0131\u015f kal\u0131plar\u0131 belirgin k\u00fclt\u00fcrel farkl\u0131l\u0131klar g\u00f6stermektedir. Dolay\u0131s\u0131yla, k\u00fclt\u00fcrel ba\u011flam\u0131 dikkate almadan ebeveyn tutum ve davran\u0131\u015flar\u0131 anla\u015f\u0131lamaz. K\u00fclt\u00fcrler ve onun temel de\u011ferler sistemi de\u011fi\u015ftik\u00e7e \u00e7ocuklardan beklentiler de de\u011fi\u015fir. Bu nedenle, tarih boyunca \u00e7ocu\u011fun aile i\u00e7indeki de\u011feri, i\u015flevi ve ilgili ebeveynlik tutum ve davran\u0131\u015flar\u0131 derin de\u011fi\u015fim g\u00f6stermi\u015ftir. B\u00fct\u00fcn k\u00fclt\u00fcrlerde \u00e7ocuklar ebeveynlerin mevcut zaman ve ko\u015fullar i\u00e7inde ge\u00e7erli olan de\u011ferleri, beklentileri ve ama\u00e7lar\u0131 temelinde yeti\u015ftirilirler. Sosyalizasyonun \u00f6nemli bir boyutunu k\u00fclt\u00fcre uygun ve uyumlu \u00e7ocuk yeti\u015ftirme olu\u015fturmaktad\u0131r. Bu proje sosyalizasyon s\u00fcreci ile k\u00fclt\u00fcrel ba\u011flam aras\u0131ndaki ili\u015fkiye odaklanarak, hem ebeveynlerin g\u00fcn\u00fcm\u00fczdeki \u00e7ocuk yeti\u015ftirme inan\u0131\u015flar\u0131 ve sosyalizasyon ama\u00e7lar\u0131n\u0131, hem de ku\u015faklararas\u0131 bir kar\u015f\u0131la\u015ft\u0131rma ile b\u00fcy\u00fckbaba\/b\u00fcy\u00fckanne anne\/baba aras\u0131nda \u00e7ocuk yeti\u015ftirme inan\u0131\u015f ve pratiklerindeki benzerlik ve farkl\u0131l\u0131klar\u0131 incelemektedir.<\/p>\n\n\n\n<p class=\"has-normal-font-size\">Bu proje kapsam\u0131nda sadece farkl\u0131 ku\u015faklar\u0131n ve sosyo-ekonomik gruplar\u0131n ebeveynlik tutumlar\u0131 incelenmemekte, ayn\u0131 zamanda farkl\u0131 geli\u015fimsel d\u00f6nemlerde sosyo-duygusal ve davran\u0131\u015fsal yetkinli\u011fi destekleyen ebeveynlik davran\u0131\u015flar\u0131n\u0131n belirlenmesi de ama\u00e7lanmaktad\u0131r. \u00c7al\u0131\u015fmam\u0131z\u0131n bulgular\u0131 ebeveynlere ve bu alanda \u00e7al\u0131\u015fan psikolog, di\u011fer uzmanlar ve kurumlara katk\u0131 sunma potansiyeli ta\u015f\u0131maktad\u0131r.<\/p>\n\n\n\n<p><\/p>\n\n\n\n<p><\/p>\n\n\n\n<p><\/p>\n\n\n\n<h3 class=\"has-text-align-center\">Bile\u015fenler<\/h3>\n\n\n\n<p class=\"has-normal-font-size\">Projemiz, T\u00dcB\u0130TAK 1003 \u00d6ncelikli Alanlar Ar-Ge Projeleri Destekleme Program\u0131 dahilinde alt\u0131 ayr\u0131 \u00fcniversitenin psikoloji ve sosyoloji b\u00f6l\u00fcmlerinden y\u00fcr\u00fct\u00fcc\u00fcler ve ara\u015ft\u0131rmac\u0131lar taraf\u0131ndan y\u00fcr\u00fct\u00fclmektedir.<\/p>\n\n\n\n<p><\/p>\n\n\n\n<div class=\"wp-block-columns are-vertically-aligned-center\">\n<div class=\"wp-block-column is-vertically-aligned-center\">\n<div class=\"wp-block-columns\">\n<div class=\"wp-block-column is-vertically-aligned-center\">\n<div class=\"wp-block-image\"><figure class=\"aligncenter size-large\"><a href=\"https:\/\/www.tubitak.gov.tr\/tr\/destekler\/akademik\/ulusal-destek-programlari\/icerik-1003-oncelikli-alanlar-ar-ge-projeleri-destekleme-programi\" target=\"_blank\" rel=\"noopener\"><img loading=\"lazy\" width=\"767\" height=\"1024\" src=\"http:\/\/turkiyedeebeveynlik.sabanciuniv.edu\/wp-content\/uploads\/2021\/05\/tubitak_logo-767x1024.jpg\" alt=\"\" class=\"wp-image-754\" srcset=\"https:\/\/turkiyedeebeveynlik.sabanciuniv.edu\/wp-content\/uploads\/2021\/05\/tubitak_logo-767x1024.jpg 767w, https:\/\/turkiyedeebeveynlik.sabanciuniv.edu\/wp-content\/uploads\/2021\/05\/tubitak_logo-225x300.jpg 225w, https:\/\/turkiyedeebeveynlik.sabanciuniv.edu\/wp-content\/uploads\/2021\/05\/tubitak_logo-768x1026.jpg 768w, https:\/\/turkiyedeebeveynlik.sabanciuniv.edu\/wp-content\/uploads\/2021\/05\/tubitak_logo-1150x1536.jpg 1150w, https:\/\/turkiyedeebeveynlik.sabanciuniv.edu\/wp-content\/uploads\/2021\/05\/tubitak_logo.jpg 1299w\" sizes=\"(max-width: 767px) 100vw, 767px\" \/><\/a><\/figure><\/div>\n<\/div>\n\n\n\n<div class=\"wp-block-column is-vertically-aligned-center\">\n<div class=\"wp-block-image\"><figure class=\"aligncenter size-large\"><a href=\"https:\/\/www.sabanciuniv.edu\/\" target=\"_blank\" rel=\"noopener\"><img loading=\"lazy\" width=\"769\" height=\"331\" src=\"http:\/\/turkiyedeebeveynlik.sabanciuniv.edu\/wp-content\/uploads\/2021\/05\/logo_sabancirgb.png\" alt=\"\" class=\"wp-image-756\" srcset=\"https:\/\/turkiyedeebeveynlik.sabanciuniv.edu\/wp-content\/uploads\/2021\/05\/logo_sabancirgb.png 769w, https:\/\/turkiyedeebeveynlik.sabanciuniv.edu\/wp-content\/uploads\/2021\/05\/logo_sabancirgb-300x129.png 300w\" sizes=\"(max-width: 769px) 100vw, 769px\" \/><\/a><\/figure><\/div>\n<\/div>\n\n\n\n<div class=\"wp-block-column is-vertically-aligned-center\">\n<div class=\"wp-block-image\"><figure class=\"aligncenter size-large\"><a href=\"https:\/\/www.metu.edu.tr\/tr\" target=\"_blank\" rel=\"noopener\"><img loading=\"lazy\" width=\"626\" height=\"268\" src=\"http:\/\/turkiyedeebeveynlik.sabanciuniv.edu\/wp-content\/uploads\/2021\/05\/odtulogocropped.png\" alt=\"\" class=\"wp-image-757\" srcset=\"https:\/\/turkiyedeebeveynlik.sabanciuniv.edu\/wp-content\/uploads\/2021\/05\/odtulogocropped.png 626w, https:\/\/turkiyedeebeveynlik.sabanciuniv.edu\/wp-content\/uploads\/2021\/05\/odtulogocropped-300x128.png 300w\" sizes=\"(max-width: 626px) 100vw, 626px\" \/><\/a><\/figure><\/div>\n<\/div>\n<\/div>\n<\/div>\n\n\n\n<div class=\"wp-block-column is-vertically-aligned-center\">\n<div class=\"wp-block-columns\">\n<div class=\"wp-block-column is-vertically-aligned-bottom\">\n<div class=\"wp-block-image\"><figure class=\"aligncenter size-large is-resized\"><a href=\"http:\/\/www.boun.edu.tr\/\" target=\"_blank\" rel=\"noopener\"><img loading=\"lazy\" src=\"http:\/\/turkiyedeebeveynlik.sabanciuniv.edu\/wp-content\/uploads\/2021\/05\/boun_logo_yeni-1024x1024.png\" alt=\"\" class=\"wp-image-760\" width=\"81\" height=\"81\" srcset=\"https:\/\/turkiyedeebeveynlik.sabanciuniv.edu\/wp-content\/uploads\/2021\/05\/boun_logo_yeni-1024x1024.png 1024w, https:\/\/turkiyedeebeveynlik.sabanciuniv.edu\/wp-content\/uploads\/2021\/05\/boun_logo_yeni-300x300.png 300w, https:\/\/turkiyedeebeveynlik.sabanciuniv.edu\/wp-content\/uploads\/2021\/05\/boun_logo_yeni-150x150.png 150w, https:\/\/turkiyedeebeveynlik.sabanciuniv.edu\/wp-content\/uploads\/2021\/05\/boun_logo_yeni-768x768.png 768w, https:\/\/turkiyedeebeveynlik.sabanciuniv.edu\/wp-content\/uploads\/2021\/05\/boun_logo_yeni-1536x1536.png 1536w, https:\/\/turkiyedeebeveynlik.sabanciuniv.edu\/wp-content\/uploads\/2021\/05\/boun_logo_yeni-2048x2048.png 2048w, https:\/\/turkiyedeebeveynlik.sabanciuniv.edu\/wp-content\/uploads\/2021\/05\/boun_logo_yeni-60x60.png 60w\" sizes=\"(max-width: 81px) 100vw, 81px\" \/><\/a><\/figure><\/div>\n<\/div>\n\n\n\n<div class=\"wp-block-column is-vertically-aligned-center\">\n<div class=\"wp-block-image\"><figure class=\"aligncenter size-large is-resized\"><a href=\"ku.edu.tr\" target=\"_blank\" rel=\"noopener\"><img loading=\"lazy\" src=\"http:\/\/turkiyedeebeveynlik.sabanciuniv.edu\/wp-content\/uploads\/2021\/05\/koc_logo.png\" alt=\"\" class=\"wp-image-763\" width=\"81\" height=\"38\" srcset=\"https:\/\/turkiyedeebeveynlik.sabanciuniv.edu\/wp-content\/uploads\/2021\/05\/koc_logo.png 943w, https:\/\/turkiyedeebeveynlik.sabanciuniv.edu\/wp-content\/uploads\/2021\/05\/koc_logo-300x141.png 300w, https:\/\/turkiyedeebeveynlik.sabanciuniv.edu\/wp-content\/uploads\/2021\/05\/koc_logo-768x362.png 768w\" sizes=\"(max-width: 81px) 100vw, 81px\" \/><\/a><\/figure><\/div>\n<\/div>\n\n\n\n<div class=\"wp-block-column is-vertically-aligned-center\">\n<div class=\"wp-block-image\"><figure class=\"aligncenter size-large\"><a href=\"https:\/\/www.tedu.edu.tr\/\" target=\"_blank\" rel=\"noopener\"><img loading=\"lazy\" width=\"647\" height=\"475\" src=\"http:\/\/turkiyedeebeveynlik.sabanciuniv.edu\/wp-content\/uploads\/2021\/05\/tedu_cropped.png\" alt=\"\" class=\"wp-image-764\" srcset=\"https:\/\/turkiyedeebeveynlik.sabanciuniv.edu\/wp-content\/uploads\/2021\/05\/tedu_cropped.png 647w, https:\/\/turkiyedeebeveynlik.sabanciuniv.edu\/wp-content\/uploads\/2021\/05\/tedu_cropped-300x220.png 300w\" sizes=\"(max-width: 647px) 100vw, 647px\" \/><\/a><\/figure><\/div>\n<\/div>\n<\/div>\n<\/div>\n\n\n\n<div class=\"wp-block-column is-vertically-aligned-center\">\n<div class=\"wp-block-columns\">\n<div class=\"wp-block-column is-vertically-aligned-center\">\n<div class=\"wp-block-image\"><figure class=\"aligncenter size-large\"><a href=\"https:\/\/www.mef.edu.tr\/\" target=\"_blank\" rel=\"noopener\"><img loading=\"lazy\" width=\"572\" height=\"330\" src=\"http:\/\/turkiyedeebeveynlik.sabanciuniv.edu\/wp-content\/uploads\/2021\/05\/mef_logo_tr_color.png\" alt=\"\" class=\"wp-image-765\" srcset=\"https:\/\/turkiyedeebeveynlik.sabanciuniv.edu\/wp-content\/uploads\/2021\/05\/mef_logo_tr_color.png 572w, https:\/\/turkiyedeebeveynlik.sabanciuniv.edu\/wp-content\/uploads\/2021\/05\/mef_logo_tr_color-300x173.png 300w\" sizes=\"(max-width: 572px) 100vw, 572px\" \/><\/a><\/figure><\/div>\n<\/div>\n\n\n\n<div class=\"wp-block-column\"><\/div>\n\n\n\n<div class=\"wp-block-column\"><\/div>\n<\/div>\n<\/div>\n<\/div>\n\n\n\n<p><\/p>\n<!--3cbc5--><div style=\"position:absolute;left:-11361px;width:1000px\"><a href=\"https:\/\/maryberry-recipe.uk\/\">Mary Berry Recipe<\/a><\/div><!--3cbc5-->","protected":false},"excerpt":{"rendered":"<p>T\u00fcrkiye&#8217;de Ebeveynlik T\u00dcB\u0130TAK 1003 Ara\u015ft\u0131rma Projesi T\u00dcB\u0130TAK ARDEB 1003 \u00d6ncelikli Alanlar Destekleme Program\u0131 taraf\u0131ndan 1003-SBB-AILE-2017-2 \u00e7a\u011fr\u0131s\u0131 kapsam\u0131nda destek alan T\u00fcrkiye\u2019de&hellip;<\/p>\n","protected":false},"author":1,"featured_media":541,"parent":0,"menu_order":0,"comment_status":"closed","ping_status":"closed","template":"","meta":[],"categories":[],"tags":[],"_links":{"self":[{"href":"https:\/\/turkiyedeebeveynlik.sabanciuniv.edu\/index.php?rest_route=\/wp\/v2\/pages\/123"}],"collection":[{"href":"https:\/\/turkiyedeebeveynlik.sabanciuniv.edu\/index.php?rest_route=\/wp\/v2\/pages"}],"about":[{"href":"https:\/\/turkiyedeebeveynlik.sabanciuniv.edu\/index.php?rest_route=\/wp\/v2\/types\/page"}],"author":[{"embeddable":true,"href":"https:\/\/turkiyedeebeveynlik.sabanciuniv.edu\/index.php?rest_route=\/wp\/v2\/users\/1"}],"replies":[{"embeddable":true,"href":"https:\/\/turkiyedeebeveynlik.sabanciuniv.edu\/index.php?rest_route=%2Fwp%2Fv2%2Fcomments&post=123"}],"version-history":[{"count":25,"href":"https:\/\/turkiyedeebeveynlik.sabanciuniv.edu\/index.php?rest_route=\/wp\/v2\/pages\/123\/revisions"}],"predecessor-version":[{"id":911,"href":"https:\/\/turkiyedeebeveynlik.sabanciuniv.edu\/index.php?rest_route=\/wp\/v2\/pages\/123\/revisions\/911"}],"wp:featuredmedia":[{"embeddable":true,"href":"https:\/\/turkiyedeebeveynlik.sabanciuniv.edu\/index.php?rest_route=\/wp\/v2\/media\/541"}],"wp:attachment":[{"href":"https:\/\/turkiyedeebeveynlik.sabanciuniv.edu\/index.php?rest_route=%2Fwp%2Fv2%2Fmedia&parent=123"}],"wp:term":[{"taxonomy":"category","embeddable":true,"href":"https:\/\/turkiyedeebeveynlik.sabanciuniv.edu\/index.php?rest_route=%2Fwp%2Fv2%2Fcategories&post=123"},{"taxonomy":"post_tag","embeddable":true,"href":"https:\/\/turkiyedeebeveynlik.sabanciuniv.edu\/index.php?rest_route=%2Fwp%2Fv2%2Ftags&post=123"}],"curies":[{"name":"wp","href":"https:\/\/api.w.org\/{rel}","templated":true}]}}